{"id":3146,"date":"2024-11-03T21:17:07","date_gmt":"2024-11-03T21:17:07","guid":{"rendered":"http:\/\/jakub-sykora.com\/?page_id=3146"},"modified":"2024-11-03T21:17:09","modified_gmt":"2024-11-03T21:17:09","slug":"odber-novinek-news-subscribe","status":"publish","type":"page","link":"https:\/\/jakub-sykora.com\/index.php\/odber-novinek-news-subscribe\/","title":{"rendered":"odb\u011br novinek \/ news subscribe"},"content":{"rendered":"\n\t<div class=\"wp-block-jetpack-mailchimp\" data-blog-id=\"93882579\">\n\t\t<form\n\t\t\taria-describedby=\"wp-block-jetpack-mailchimp_consent-text\"\n\t\t\t\t\t>\n\t\t\t<p>\n\t\t\t\t<input\n\t\t\t\t\taria-label=\"Enter your email\"\n\t\t\t\t\tplaceholder=\"Enter your email\"\n\t\t\t\t\trequired\n\t\t\t\t\ttitle=\"Enter your email\"\n\t\t\t\t\ttype=\"email\"\n\t\t\t\t\tname=\"email\"\n\t\t\t\t\/>\n\t\t\t<\/p>\n\t\t\t\t\t\t\t\t\t\n<div class=\"wp-block-jetpack-button wp-block-button\" style=\"\"><button class=\"wp-block-button__link\" style=\"\" data-id-attr=\"mailchimp-button-block-1\" id=\"mailchimp-button-block-1\" type=\"submit\">P\u0159ihl\u00e1sit se k odb\u011bru novinek \/ Subscribe for news<\/button><\/div>\n\t\t\t<p id=\"wp-block-jetpack-mailchimp_consent-text\">\n\t\t\t\tKliknut\u00edm na tla\u010d\u00edtko souhlas\u00edte se sd\u00edlen\u00edm va\u0161\u00ed e-mailov\u00e9 adresy s vlastn\u00edkem webu a Mailchimpem za \u00fa\u010delem zas\u00edl\u00e1n\u00ed marketingov\u00fdch, aktualizac\u00ed a dal\u0161\u00edch e-mail\u016f od vlastn\u00edka webu. Pomoc\u00ed odkazu pro odhl\u00e1\u0161en\u00ed v t\u011bchto e-mailech se m\u016f\u017eete kdykoli odhl\u00e1sit.<br>By clicking button, you agree to share your email address with the site owner and Mailchimp to receive marketing, updates, and other emails from the site owner. Use the unsubscribe link in those emails to opt out at any time.\t\t\t<\/p>\n\n\t\t\t\n\t\t<\/form>\n\t\t\n\t\t\t<div class=\"wp-block-jetpack-mailchimp_notification wp-block-jetpack-mailchimp_processing\" role=\"status\">\n\t\t\t\tProcessing\u2026\t\t\t<\/div>\n\t\t\t<div class=\"wp-block-jetpack-mailchimp_notification wp-block-jetpack-mailchimp_success\" role=\"status\">\n\t\t\t\tSuccess! You&#039;re on the list.\t\t\t<\/div>\n\t\t\t<div class=\"wp-block-jetpack-mailchimp_notification wp-block-jetpack-mailchimp_error\" role=\"alert\">\n\t\t\t\tWhoops! There was an error and we couldn&#039;t process your subscription. Please reload the page and try again.\t\t\t<\/div>\n\n\t\t\t<\/div>\n\t","protected":false},"excerpt":{"rendered":"","protected":false},"author":1,"featured_media":0,"parent":0,"menu_order":0,"comment_status":"closed","ping_status":"closed","template":"","meta":{"_monsterinsights_skip_tracking":false,"_monsterinsights_sitenote_active":false,"_monsterinsights_sitenote_note":"","_monsterinsights_sitenote_category":0,"footnotes":""},"jetpack_sharing_enabled":true,"jetpack_shortlink":"https:\/\/wp.me\/P6lV99-OK","_links":{"self":[{"href":"https:\/\/jakub-sykora.com\/index.php\/wp-json\/wp\/v2\/pages\/3146"}],"collection":[{"href":"https:\/\/jakub-sykora.com\/index.php\/wp-json\/wp\/v2\/pages"}],"about":[{"href":"https:\/\/jakub-sykora.com\/index.php\/wp-json\/wp\/v2\/types\/page"}],"author":[{"embeddable":true,"href":"https:\/\/jakub-sykora.com\/index.php\/wp-json\/wp\/v2\/users\/1"}],"replies":[{"embeddable":true,"href":"https:\/\/jakub-sykora.com\/index.php\/wp-json\/wp\/v2\/comments?post=3146"}],"version-history":[{"count":3,"href":"https:\/\/jakub-sykora.com\/index.php\/wp-json\/wp\/v2\/pages\/3146\/revisions"}],"predecessor-version":[{"id":3414,"href":"https:\/\/jakub-sykora.com\/index.php\/wp-json\/wp\/v2\/pages\/3146\/revisions\/3414"}],"wp:attachment":[{"href":"https:\/\/jakub-sykora.com\/index.php\/wp-json\/wp\/v2\/media?parent=3146"}],"curies":[{"name":"wp","href":"https:\/\/api.w.org\/{rel}","templated":true}]}}